{"id":23562,"date":"2023-08-09T20:07:35","date_gmt":"2023-08-09T18:07:35","guid":{"rendered":"https:\/\/guitarrasramirez.com\/producto\/segovia\/"},"modified":"2024-02-13T13:41:22","modified_gmt":"2024-02-13T12:41:22","slug":"segovia","status":"publish","type":"product","link":"https:\/\/guitarrasramirez.com\/en\/producto\/segovia\/","title":{"rendered":"Segovia (1A)"},"content":{"rendered":"<p>Copy of the 1963 guitar from our collection that belonged to the guitarist Andr\u00e9s Segovia. This guitar is important because it used red cedar for the first time, a finding of Jos\u00e9 Ram\u00edrez III that soon became popular in the world and that other builders and brands began to use. As it is a reproduction, Brazilian rosewood has been used, which was acquired by Jos\u00e9 Ram\u00edrez III and does not have ebony in the handle, since he introduced it at the end of the 60&#8217;s. It is also varnished with French polish and has a carbon bar inside (an improvement introduced by Jos\u00e9 Ram\u00edrez IV in the 90&#8217;s). A percentage of the sales will go to support the work of the Andr\u00e9s Segovia Foundation. In our handcrafted guitars we only use solid wood. It is made to order and you can consult us the modifications you want through our mail, so we can study it and make you a new budget: tienda@guitarrasramirez.com<\/p>\n<span class=\"et_bloom_bottom_trigger\"><\/span>","protected":false},"excerpt":{"rendered":"<p>Handmade in our workshop with excellent quality and naturally dried woods between 20 to 70 years old, which increase the stability and enrich the sound quality of the instrument. The price includes Manzano handmade case with logo. These guitars are only made to order.<\/p>\n","protected":false},"featured_media":23541,"comment_status":"closed","ping_status":"closed","template":"","meta":{"_et_pb_use_builder":"off","_et_pb_old_content":"Guitarra con nuestra plantilla de la l\u00ednea R que puede tener la tapa de cedro o abeto. Los aros y fondo en cocobolo laminado, madera preciosa que le da un aspecto al instrumento elegante, bello y llamativo. El diapas\u00f3n es de \u00e9bano.\r\n\r\nLa RT1 la guitarra m\u00e1s sencilla que tenemos en nuestra l\u00ednea de estudio. Con caja laminada. El sonido es \u00edntimo y c\u00e1lido, aunque variar\u00e1 dependiendo de la selecci\u00f3n de la madera de la tapa, d\u00e1ndole el abeto m\u00e1s brillo y el cedro un sonido m\u00e1s profundo.\r\nEsta guitarra puede amplificarse con los diferentes equipos con los que trabajamos: Fishman Prefix Pro Blend, Fishman Aura Pro, Fishman Matrix Infinity, Schetler Lydia- EQ y Midi RMC.","_et_gb_content_width":"","_joinchat":[],"footnotes":""},"product_brand":[],"product_cat":[370,363,362],"product_tag":[],"class_list":{"0":"post-23562","1":"product","2":"type-product","3":"status-publish","4":"has-post-thumbnail","6":"product_cat-handmade-classical-guitar","7":"product_cat-artisan-guitar","8":"product_cat-guitars","10":"first","11":"instock","12":"taxable","13":"shipping-taxable","14":"purchasable","15":"product-type-simple"},"yoast_head":"<!-- This site is optimized with the Yoast SEO Premium plugin v26.4 (Yoast SEO v26.4) - https:\/\/yoast.com\/wordpress\/plugins\/seo\/ -->\n<title>Guitarra artesanal tradicional Ram\u00edrez | Guitarras Ram\u00edrez<\/title>\n<meta name=\"description\" content=\"La guitarra artesanal tradicional est\u00e1 hecha en nuestro taller con maderas de una excelente calidad y secado natural de entre 20 a 70 a\u00f1os.\" \/>\n<meta name=\"robots\" content=\"index, follow, max-snippet:-1, max-image-preview:large, max-video-preview:-1\" \/>\n<link rel=\"canonical\" href=\"https:\/\/guitarrasramirez.com\/en\/producto\/segovia\/\" \/>\n<meta property=\"og:locale\" content=\"en_US\" \/>\n<meta property=\"og:type\" content=\"article\" \/>\n<meta property=\"og:title\" content=\"Segovia (1A)\" \/>\n<meta property=\"og:description\" content=\"La guitarra artesanal tradicional est\u00e1 hecha en nuestro taller con maderas de una excelente calidad y secado natural de entre 20 a 70 a\u00f1os.\" \/>\n<meta property=\"og:url\" content=\"https:\/\/guitarrasramirez.com\/en\/producto\/segovia\/\" \/>\n<meta property=\"og:site_name\" content=\"Guitarras Ram\u00edrez\" \/>\n<meta property=\"article:publisher\" content=\"https:\/\/www.facebook.com\/guitarras.ramirez\" \/>\n<meta property=\"article:modified_time\" content=\"2024-02-13T12:41:22+00:00\" \/>\n<meta property=\"og:image\" content=\"https:\/\/guitarrasramirez.com\/wp-content\/uploads\/2023\/08\/tapa-1.jpg\" \/>\n\t<meta property=\"og:image:width\" content=\"1800\" \/>\n\t<meta property=\"og:image:height\" content=\"1800\" \/>\n\t<meta property=\"og:image:type\" content=\"image\/jpeg\" \/>\n<meta name=\"twitter:card\" content=\"summary_large_image\" \/>\n<meta name=\"twitter:site\" content=\"@GUITARRARAMIREZ\" \/>\n<meta name=\"twitter:label1\" content=\"Price\" \/>\n\t<meta name=\"twitter:data1\" content=\"&euro;15.458,00\" \/>\n\t<meta name=\"twitter:label2\" content=\"Availability\" \/>\n\t<meta name=\"twitter:data2\" content=\"In stock\" \/>\n<script type=\"application\/ld+json\" class=\"yoast-schema-graph\">{\"@context\":\"https:\/\/schema.org\",\"@graph\":[{\"@type\":\"WebPage\",\"@id\":\"https:\/\/guitarrasramirez.com\/en\/producto\/segovia\/\",\"url\":\"https:\/\/guitarrasramirez.com\/en\/producto\/segovia\/\",\"name\":\"Guitarra artesanal tradicional Ram\u00edrez | Guitarras Ram\u00edrez\",\"isPartOf\":{\"@id\":\"https:\/\/guitarrasramirez.com\/en\/#website\"},\"primaryImageOfPage\":{\"@id\":\"https:\/\/guitarrasramirez.com\/en\/producto\/segovia\/#primaryimage\"},\"image\":{\"@id\":\"https:\/\/guitarrasramirez.com\/en\/producto\/segovia\/#primaryimage\"},\"thumbnailUrl\":\"https:\/\/guitarrasramirez.com\/wp-content\/uploads\/2023\/08\/tapa-1.jpg\",\"datePublished\":\"2023-08-09T18:07:35+00:00\",\"dateModified\":\"2024-02-13T12:41:22+00:00\",\"description\":\"La guitarra artesanal tradicional est\u00e1 hecha en nuestro taller con maderas de una excelente calidad y secado natural de entre 20 a 70 a\u00f1os.\",\"breadcrumb\":{\"@id\":\"https:\/\/guitarrasramirez.com\/en\/producto\/segovia\/#breadcrumb\"},\"inLanguage\":\"en-US\",\"potentialAction\":[{\"@type\":\"ReadAction\",\"target\":[\"https:\/\/guitarrasramirez.com\/en\/producto\/segovia\/\"]}]},{\"@type\":\"ImageObject\",\"inLanguage\":\"en-US\",\"@id\":\"https:\/\/guitarrasramirez.com\/en\/producto\/segovia\/#primaryimage\",\"url\":\"https:\/\/guitarrasramirez.com\/wp-content\/uploads\/2023\/08\/tapa-1.jpg\",\"contentUrl\":\"https:\/\/guitarrasramirez.com\/wp-content\/uploads\/2023\/08\/tapa-1.jpg\",\"width\":1800,\"height\":1800,\"caption\":\"Segovia (1A)\"},{\"@type\":\"BreadcrumbList\",\"@id\":\"https:\/\/guitarrasramirez.com\/en\/producto\/segovia\/#breadcrumb\",\"itemListElement\":[{\"@type\":\"ListItem\",\"position\":1,\"name\":\"Portada\",\"item\":\"https:\/\/guitarrasramirez.com\/en\/\"},{\"@type\":\"ListItem\",\"position\":2,\"name\":\"Tienda\",\"item\":\"https:\/\/guitarrasramirez.com\/es\/tienda\/\"},{\"@type\":\"ListItem\",\"position\":3,\"name\":\"Segovia (1A)\"}]},{\"@type\":\"WebSite\",\"@id\":\"https:\/\/guitarrasramirez.com\/en\/#website\",\"url\":\"https:\/\/guitarrasramirez.com\/en\/\",\"name\":\"Guitarras Ram\u00edrez\",\"description\":\"Guitarras Jos\u00e9 Ram\u00edrez\",\"publisher\":{\"@id\":\"https:\/\/guitarrasramirez.com\/en\/#organization\"},\"potentialAction\":[{\"@type\":\"SearchAction\",\"target\":{\"@type\":\"EntryPoint\",\"urlTemplate\":\"https:\/\/guitarrasramirez.com\/en\/?s={search_term_string}\"},\"query-input\":{\"@type\":\"PropertyValueSpecification\",\"valueRequired\":true,\"valueName\":\"search_term_string\"}}],\"inLanguage\":\"en-US\"},{\"@type\":[\"Organization\",\"Place\"],\"@id\":\"https:\/\/guitarrasramirez.com\/en\/#organization\",\"name\":\"Guitarras Ram\u00edrez\",\"url\":\"https:\/\/guitarrasramirez.com\/en\/\",\"logo\":{\"@id\":\"https:\/\/guitarrasramirez.com\/en\/producto\/segovia\/#local-main-organization-logo\"},\"image\":{\"@id\":\"https:\/\/guitarrasramirez.com\/en\/producto\/segovia\/#local-main-organization-logo\"},\"sameAs\":[\"https:\/\/www.facebook.com\/guitarras.ramirez\",\"https:\/\/x.com\/GUITARRARAMIREZ\"],\"openingHoursSpecification\":[{\"@type\":\"OpeningHoursSpecification\",\"dayOfWeek\":[\"Monday\",\"Tuesday\",\"Wednesday\",\"Thursday\",\"Friday\",\"Saturday\",\"Sunday\"],\"opens\":\"09:00\",\"closes\":\"17:00\"}]},{\"@type\":\"ImageObject\",\"inLanguage\":\"en-US\",\"@id\":\"https:\/\/guitarrasramirez.com\/en\/producto\/segovia\/#local-main-organization-logo\",\"url\":\"https:\/\/guitarrasramirez.com\/wp-content\/uploads\/2019\/02\/joseramirez.jpg\",\"contentUrl\":\"https:\/\/guitarrasramirez.com\/wp-content\/uploads\/2019\/02\/joseramirez.jpg\",\"width\":458,\"height\":458,\"caption\":\"Guitarras Ram\u00edrez\"}]}<\/script>\n<meta property=\"product:price:amount\" content=\"15458.00\" \/>\n<meta property=\"product:price:currency\" content=\"EUR\" \/>\n<meta property=\"og:availability\" content=\"instock\" \/>\n<meta property=\"product:availability\" content=\"instock\" \/>\n<meta property=\"product:condition\" content=\"new\" \/>\n<!-- \/ Yoast SEO Premium plugin. -->","yoast_head_json":{"title":"Guitarra artesanal tradicional Ram\u00edrez | Guitarras Ram\u00edrez","description":"La guitarra artesanal tradicional est\u00e1 hecha en nuestro taller con maderas de una excelente calidad y secado natural de entre 20 a 70 a\u00f1os.","robots":{"index":"index","follow":"follow","max-snippet":"max-snippet:-1","max-image-preview":"max-image-preview:large","max-video-preview":"max-video-preview:-1"},"canonical":"https:\/\/guitarrasramirez.com\/en\/producto\/segovia\/","og_locale":"en_US","og_type":"article","og_title":"Segovia (1A)","og_description":"La guitarra artesanal tradicional est\u00e1 hecha en nuestro taller con maderas de una excelente calidad y secado natural de entre 20 a 70 a\u00f1os.","og_url":"https:\/\/guitarrasramirez.com\/en\/producto\/segovia\/","og_site_name":"Guitarras Ram\u00edrez","article_publisher":"https:\/\/www.facebook.com\/guitarras.ramirez","article_modified_time":"2024-02-13T12:41:22+00:00","og_image":[{"width":1800,"height":1800,"url":"https:\/\/guitarrasramirez.com\/wp-content\/uploads\/2023\/08\/tapa-1.jpg","type":"image\/jpeg"}],"twitter_card":"summary_large_image","twitter_site":"@GUITARRARAMIREZ","twitter_misc":{"Price":"&euro;15.458,00","Availability":"In stock"},"schema":{"@context":"https:\/\/schema.org","@graph":[{"@type":"WebPage","@id":"https:\/\/guitarrasramirez.com\/en\/producto\/segovia\/","url":"https:\/\/guitarrasramirez.com\/en\/producto\/segovia\/","name":"Guitarra artesanal tradicional Ram\u00edrez | Guitarras Ram\u00edrez","isPartOf":{"@id":"https:\/\/guitarrasramirez.com\/en\/#website"},"primaryImageOfPage":{"@id":"https:\/\/guitarrasramirez.com\/en\/producto\/segovia\/#primaryimage"},"image":{"@id":"https:\/\/guitarrasramirez.com\/en\/producto\/segovia\/#primaryimage"},"thumbnailUrl":"https:\/\/guitarrasramirez.com\/wp-content\/uploads\/2023\/08\/tapa-1.jpg","datePublished":"2023-08-09T18:07:35+00:00","dateModified":"2024-02-13T12:41:22+00:00","description":"La guitarra artesanal tradicional est\u00e1 hecha en nuestro taller con maderas de una excelente calidad y secado natural de entre 20 a 70 a\u00f1os.","breadcrumb":{"@id":"https:\/\/guitarrasramirez.com\/en\/producto\/segovia\/#breadcrumb"},"inLanguage":"en-US","potentialAction":[{"@type":"ReadAction","target":["https:\/\/guitarrasramirez.com\/en\/producto\/segovia\/"]}]},{"@type":"ImageObject","inLanguage":"en-US","@id":"https:\/\/guitarrasramirez.com\/en\/producto\/segovia\/#primaryimage","url":"https:\/\/guitarrasramirez.com\/wp-content\/uploads\/2023\/08\/tapa-1.jpg","contentUrl":"https:\/\/guitarrasramirez.com\/wp-content\/uploads\/2023\/08\/tapa-1.jpg","width":1800,"height":1800,"caption":"Segovia (1A)"},{"@type":"BreadcrumbList","@id":"https:\/\/guitarrasramirez.com\/en\/producto\/segovia\/#breadcrumb","itemListElement":[{"@type":"ListItem","position":1,"name":"Portada","item":"https:\/\/guitarrasramirez.com\/en\/"},{"@type":"ListItem","position":2,"name":"Tienda","item":"https:\/\/guitarrasramirez.com\/es\/tienda\/"},{"@type":"ListItem","position":3,"name":"Segovia (1A)"}]},{"@type":"WebSite","@id":"https:\/\/guitarrasramirez.com\/en\/#website","url":"https:\/\/guitarrasramirez.com\/en\/","name":"Guitarras Ram\u00edrez","description":"Guitarras Jos\u00e9 Ram\u00edrez","publisher":{"@id":"https:\/\/guitarrasramirez.com\/en\/#organization"},"potentialAction":[{"@type":"SearchAction","target":{"@type":"EntryPoint","urlTemplate":"https:\/\/guitarrasramirez.com\/en\/?s={search_term_string}"},"query-input":{"@type":"PropertyValueSpecification","valueRequired":true,"valueName":"search_term_string"}}],"inLanguage":"en-US"},{"@type":["Organization","Place"],"@id":"https:\/\/guitarrasramirez.com\/en\/#organization","name":"Guitarras Ram\u00edrez","url":"https:\/\/guitarrasramirez.com\/en\/","logo":{"@id":"https:\/\/guitarrasramirez.com\/en\/producto\/segovia\/#local-main-organization-logo"},"image":{"@id":"https:\/\/guitarrasramirez.com\/en\/producto\/segovia\/#local-main-organization-logo"},"sameAs":["https:\/\/www.facebook.com\/guitarras.ramirez","https:\/\/x.com\/GUITARRARAMIREZ"],"openingHoursSpecification":[{"@type":"OpeningHoursSpecification","dayOfWeek":["Monday","Tuesday","Wednesday","Thursday","Friday","Saturday","Sunday"],"opens":"09:00","closes":"17:00"}]},{"@type":"ImageObject","inLanguage":"en-US","@id":"https:\/\/guitarrasramirez.com\/en\/producto\/segovia\/#local-main-organization-logo","url":"https:\/\/guitarrasramirez.com\/wp-content\/uploads\/2019\/02\/joseramirez.jpg","contentUrl":"https:\/\/guitarrasramirez.com\/wp-content\/uploads\/2019\/02\/joseramirez.jpg","width":458,"height":458,"caption":"Guitarras Ram\u00edrez"}]},"product_price_amount":"15458.00","product_price_currency":"EUR","og_availability":"instock","product_availability":"instock","product_condition":"new"},"_links":{"self":[{"href":"https:\/\/guitarrasramirez.com\/en\/wp-json\/wp\/v2\/product\/23562","targetHints":{"allow":["GET"]}}],"collection":[{"href":"https:\/\/guitarrasramirez.com\/en\/wp-json\/wp\/v2\/product"}],"about":[{"href":"https:\/\/guitarrasramirez.com\/en\/wp-json\/wp\/v2\/types\/product"}],"replies":[{"embeddable":true,"href":"https:\/\/guitarrasramirez.com\/en\/wp-json\/wp\/v2\/comments?post=23562"}],"version-history":[{"count":1,"href":"https:\/\/guitarrasramirez.com\/en\/wp-json\/wp\/v2\/product\/23562\/revisions"}],"predecessor-version":[{"id":23563,"href":"https:\/\/guitarrasramirez.com\/en\/wp-json\/wp\/v2\/product\/23562\/revisions\/23563"}],"wp:featuredmedia":[{"embeddable":true,"href":"https:\/\/guitarrasramirez.com\/en\/wp-json\/wp\/v2\/media\/23541"}],"wp:attachment":[{"href":"https:\/\/guitarrasramirez.com\/en\/wp-json\/wp\/v2\/media?parent=23562"}],"wp:term":[{"taxonomy":"product_brand","embeddable":true,"href":"https:\/\/guitarrasramirez.com\/en\/wp-json\/wp\/v2\/product_brand?post=23562"},{"taxonomy":"product_cat","embeddable":true,"href":"https:\/\/guitarrasramirez.com\/en\/wp-json\/wp\/v2\/product_cat?post=23562"},{"taxonomy":"product_tag","embeddable":true,"href":"https:\/\/guitarrasramirez.com\/en\/wp-json\/wp\/v2\/product_tag?post=23562"}],"curies":[{"name":"wp","href":"https:\/\/api.w.org\/{rel}","templated":true}]}}